{"id":35,"date":"2020-11-05T11:25:02","date_gmt":"2020-11-05T09:25:02","guid":{"rendered":"https:\/\/kuokkala.org\/?page_id=35"},"modified":"2026-03-12T20:40:12","modified_gmt":"2026-03-12T18:40:12","slug":"kuokkalan-asukkaat-ry-esittely","status":"publish","type":"page","link":"https:\/\/kuokkala.org\/","title":{"rendered":"Kuokkalan Asukkaat ry"},"content":{"rendered":"\n<p>Kuokkalan Asukkaat ry on aatteellinen asukasyhdistys, jonka toiminta-alueena on ensisijaisesti Kuokkalan alue (tai Suur-Kuokkalan alue). Alue rajoittuu seuraavasti: Rantav\u00e4yl\u00e4-Jyv\u00e4sj\u00e4rvi-Vaajakoskentie-P\u00e4ij\u00e4nne. Yhdistyksen julkaiseman maksuttoman kaupunginosalehden Kuokkasen jakelu ylt\u00e4\u00e4 my\u00f6s osittain Lutakon alueelle.<\/p>\n\n\n\n<p>Yhdistyksen tarkoituksena on innostaa alueen asukkaita toimimaan hyv\u00e4n, turvallisen ja viihtyis\u00e4n asumisen sek\u00e4 monipuolisten palvelujen ja kauniin, terveellisen ymp\u00e4rist\u00f6n puolesta.<br><br>Kuokkalan Asukkaat ry yll\u00e4pit\u00e4\u00e4 Er\u00e4p\u00e4lk\u00e4neen leikkipuistoa Nen\u00e4inniemess\u00e4 ja Kissankellon onkilaituria Ristikivess\u00e4<\/p>\n\n\n\n<p>Vuosi 2026 on Kuokkalan Asukkaat ry:n 40. toimintavuosi.<br><br><\/p>\n\n\n\n<h1 class=\"wp-block-heading\" id=\"kokouksia\">Kokouksia:<\/h1>\n\n\n\n\n\n<li> <b>Yhdistyksen kev\u00e4tkokous<\/b> TO 26.03.26 klo 18:30, Vastatuuli sali, Kekkolantie 11<\/li>\n\n<br>Kev\u00e4tkokouksessa k\u00e4sitell\u00e4\u00e4n seuraavat s\u00e4\u00e4nt\u00f6m\u00e4\u00e4r\u00e4iset asiat:\n\n<br>1 \u00a7 Kokouksen avaus\n<br>2 \u00a7 Kokouksen p\u00e4\u00e4t\u00f6svaltaisuuden toteaminen\n<br>3 \u00a7 Esityslistan hyv\u00e4ksyminen\n<br>4 \u00a7 Kokousvirkailijoiden valinta\t\t\t\n<br>5 \u00a7 Vuoden 2025 toiminnantarkastuskertomuksen hyv\u00e4ksyminen \n<br>6 \u00a7 Vuoden 2025 tilinp\u00e4\u00e4t\u00f6ksen vahvistaminen ja toiminnantarkastajan kertomuksen kuuleminen\n<br>7 \u00a7 Vastuuvapauden my\u00f6nt\u00e4minen tilivelvollisille ja muille vastuullisille\n<br>8 \u00a7 Yhdistyksen kokousten koolle kutsuminen\t\t\t\t\t\t\n<br>9 \u00a7 Kokouksen p\u00e4\u00e4tt\u00e4minen\n\n<br><br><li> Hallituksen kokous MA 13.04.26 klo 18, Vastatuuli sali, Kekkolantie 11<\/li>\n\n\n\n\n\n<p><\/p>\n\n\n\n<h2>J\u00e4seneksi<\/h2> \nHaluatko liitty\u00e4 Kuokkalan Asukkaat ry:n j\u00e4seneksi ?\n<br><br>\nJ\u00e4senmaksu vuonna 2026: 10 \u20ac (j\u00e4senmaksu kalenterivuosittain)\n<br><br>\n\nLiity j\u00e4seneksi maksamalla j\u00e4senmaksu yhdistyksen tilille.\nTili: FI96 1045 3000 1808 43 Kuokkalan Asukkaat ry, laita pankin viestiksi j\u00e4senmaksu 2026 ja oma nimi, sek\u00e4 osoite ja s\u00e4hk\u00f6posti sek\u00e4 puhelinnumero\n<br><br>\n\n\n\n<h2 class=\"wp-block-heading\">S\u00e4\u00e4, Kuokkala Jyv\u00e4skyl\u00e4:<br><\/h2>\n\n\n    <div class=\"wp-block-bplugins-custom-html\" id='bPluginsCustomHtml-1'>\n    <style>\n  .windy-wrapper {\n    position: relative;\n    width: 100%;\n    padding-bottom: 75%; \/* korkeampi kuvasuhde mobiilia varten *\/\n    height: 0;\n    overflow: hidden;\n  }\n\n  .windy-wrapper iframe {\n    position: absolute;\n    top: 0;\n    left: 0;\n    width: 100%;\n    height: 100%;\n    border: 0;\n  }\n\n  @media (max-width: 600px) {\n    .windy-wrapper {\n      padding-bottom: 100%; \/* lis\u00e4\u00e4 tilaa mobiilissa *\/\n    }\n  }\n<\/style>\n\n<div class=\"windy-wrapper\">\n  <iframe src=\"https:\/\/embed.windy.com\/embed.html?type=map&#038;location=coordinates&#038;zoom=11&#038;overlay=wind&#038;product=ecmwf&#038;level=surface&#038;lat=62.202&#038;lon=25.747&#038;detailLat=62.231&#038;detailLon=25.747&#038;detail=true\" allowfullscreen><\/iframe>\n<\/div>    <\/div>\n    ","protected":false},"excerpt":{"rendered":"<p>Kuokkalan Asukkaat ry on aatteellinen asukasyhdistys, jonka toiminta-alueena on ensisijaisesti Kuokkalan alue (tai Suur-Kuokkalan alue). Alue rajoittuu seuraavasti: Rantav\u00e4yl\u00e4-Jyv\u00e4sj\u00e4rvi-Vaajakoskentie-P\u00e4ij\u00e4nne. Yhdistyksen julkaiseman maksuttoman kaupunginosalehden Kuokkasen jakelu ylt\u00e4\u00e4 my\u00f6s osittain Lutakon alueelle. Yhdistyksen tarkoituksena on innostaa alueen asukkaita toimimaan hyv\u00e4n, turvallisen ja viihtyis\u00e4n asumisen sek\u00e4 monipuolisten palvelujen ja kauniin, terveellisen ymp\u00e4rist\u00f6n puolesta. Kuokkalan Asukkaat ry yll\u00e4pit\u00e4\u00e4 Er\u00e4p\u00e4lk\u00e4neen&hellip;<\/p>\n<p class=\"more\"><a class=\"more-link\" href=\"https:\/\/kuokkala.org\/\">Continue reading <span class=\"screen-reader-text\">Kuokkalan Asukkaat ry<\/span><\/a><\/p>\n","protected":false},"author":1,"featured_media":0,"parent":0,"menu_order":1,"comment_status":"closed","ping_status":"closed","template":"","meta":{"footnotes":""},"class_list":["post-35","page","type-page","status-publish","hentry","entry"],"_links":{"self":[{"href":"https:\/\/kuokkala.org\/index.php?rest_route=\/wp\/v2\/pages\/35","targetHints":{"allow":["GET"]}}],"collection":[{"href":"https:\/\/kuokkala.org\/index.php?rest_route=\/wp\/v2\/pages"}],"about":[{"href":"https:\/\/kuokkala.org\/index.php?rest_route=\/wp\/v2\/types\/page"}],"author":[{"embeddable":true,"href":"https:\/\/kuokkala.org\/index.php?rest_route=\/wp\/v2\/users\/1"}],"replies":[{"embeddable":true,"href":"https:\/\/kuokkala.org\/index.php?rest_route=%2Fwp%2Fv2%2Fcomments&post=35"}],"version-history":[{"count":65,"href":"https:\/\/kuokkala.org\/index.php?rest_route=\/wp\/v2\/pages\/35\/revisions"}],"predecessor-version":[{"id":620,"href":"https:\/\/kuokkala.org\/index.php?rest_route=\/wp\/v2\/pages\/35\/revisions\/620"}],"wp:attachment":[{"href":"https:\/\/kuokkala.org\/index.php?rest_route=%2Fwp%2Fv2%2Fmedia&parent=35"}],"curies":[{"name":"wp","href":"https:\/\/api.w.org\/{rel}","templated":true}]}}