{"id":39,"date":"2020-11-05T11:24:47","date_gmt":"2020-11-05T09:24:47","guid":{"rendered":"https:\/\/kuokkala.org\/?page_id=39"},"modified":"2026-01-28T20:06:00","modified_gmt":"2026-01-28T18:06:00","slug":"hallitus","status":"publish","type":"page","link":"https:\/\/kuokkala.org\/?page_id=39","title":{"rendered":"Hallitus"},"content":{"rendered":"\n<p><br>Kuokkalan Asukkaat ry:n hallitus vuonna 2026:<br><br>Leo Turunen, puheenjohtaja<br>Kauko J\u00e4rvinen, sihteeri\/taloudenhoitaja<br>P\u00e4ivi Muilu, j\u00e4sen<br>Leena Ruotonen, j\u00e4sen<br>Pirjo Savolainen, j\u00e4sen<br>Esa Sironen, varapuheenjohtaja<br>Eini Tuupainen, j\u00e4sen<\/p>\n\n\n\n<p><\/p>\n","protected":false},"excerpt":{"rendered":"<p>Kuokkalan Asukkaat ry:n hallitus vuonna 2026: Leo Turunen, puheenjohtajaKauko J\u00e4rvinen, sihteeri\/taloudenhoitajaP\u00e4ivi Muilu, j\u00e4senLeena Ruotonen, j\u00e4senPirjo Savolainen, j\u00e4senEsa Sironen, varapuheenjohtajaEini Tuupainen, j\u00e4sen<\/p>\n","protected":false},"author":1,"featured_media":0,"parent":0,"menu_order":2,"comment_status":"closed","ping_status":"closed","template":"","meta":{"footnotes":""},"class_list":["post-39","page","type-page","status-publish","hentry","entry"],"_links":{"self":[{"href":"https:\/\/kuokkala.org\/index.php?rest_route=\/wp\/v2\/pages\/39","targetHints":{"allow":["GET"]}}],"collection":[{"href":"https:\/\/kuokkala.org\/index.php?rest_route=\/wp\/v2\/pages"}],"about":[{"href":"https:\/\/kuokkala.org\/index.php?rest_route=\/wp\/v2\/types\/page"}],"author":[{"embeddable":true,"href":"https:\/\/kuokkala.org\/index.php?rest_route=\/wp\/v2\/users\/1"}],"replies":[{"embeddable":true,"href":"https:\/\/kuokkala.org\/index.php?rest_route=%2Fwp%2Fv2%2Fcomments&post=39"}],"version-history":[{"count":13,"href":"https:\/\/kuokkala.org\/index.php?rest_route=\/wp\/v2\/pages\/39\/revisions"}],"predecessor-version":[{"id":607,"href":"https:\/\/kuokkala.org\/index.php?rest_route=\/wp\/v2\/pages\/39\/revisions\/607"}],"wp:attachment":[{"href":"https:\/\/kuokkala.org\/index.php?rest_route=%2Fwp%2Fv2%2Fmedia&parent=39"}],"curies":[{"name":"wp","href":"https:\/\/api.w.org\/{rel}","templated":true}]}}